{"id":17111,"date":"2025-08-02T21:58:57","date_gmt":"2025-08-02T19:58:57","guid":{"rendered":"https:\/\/seniorcareafrica.com\/?page_id=17111"},"modified":"2025-08-02T22:18:35","modified_gmt":"2025-08-02T20:18:35","slug":"fonctionnement","status":"publish","type":"page","link":"https:\/\/seniorcareafrica.com\/index.php\/fonctionnement\/","title":{"rendered":"Fonctionnement"},"content":{"rendered":"\t\t<div data-elementor-type=\"wp-page\" data-elementor-id=\"17111\" class=\"elementor elementor-17111\">\n\t\t\t\t\t\t<section class=\"elementor-section elementor-top-section elementor-element elementor-element-d380496 elementor-section-boxed elementor-section-height-default elementor-section-height-default mas-addons-sticky-no\" data-id=\"d380496\" data-element_type=\"section\" data-settings=\"{&quot;background_background&quot;:&quot;classic&quot;,&quot;mas_addons_sticky&quot;:&quot;no&quot;}\">\n\t\t\t\t\t\t<div class=\"elementor-container elementor-column-gap-default\">\n\t\t\t\t\t<div class=\"elementor-column elementor-col-100 elementor-top-column elementor-element elementor-element-db4959e\" data-id=\"db4959e\" data-element_type=\"column\">\n\t\t\t<div class=\"elementor-widget-wrap elementor-element-populated\">\n\t\t\t\t\t\t<div class=\"elementor-element elementor-element-7678acf mas-addons-sticky-no elementor-widget elementor-widget-mas-addons-heading\" data-id=\"7678acf\" data-element_type=\"widget\" data-settings=\"{&quot;mas_addons_sticky&quot;:&quot;no&quot;}\" data-widget_type=\"mas-addons-heading.default\">\n\t\t\t\t<div class=\"elementor-widget-container\">\n\t\t\t\t\t<h2 class=\"mas-addons-heading-title show-line-no\">Fonctionnement<\/h2>\t\t\t\t<\/div>\n\t\t\t\t<\/div>\n\t\t\t\t<div class=\"elementor-element elementor-element-8bfc6c4 mas-addons-sticky-no elementor-widget elementor-widget-mas-addons-breadcrumb\" data-id=\"8bfc6c4\" data-element_type=\"widget\" data-settings=\"{&quot;mas_addons_sticky&quot;:&quot;no&quot;}\" data-widget_type=\"mas-addons-breadcrumb.default\">\n\t\t\t\t<div class=\"elementor-widget-container\">\n\t\t\t\t\t<ul class=\"mas-addons-breadcrumbs\"><li class=\"mas-addons-breadcrumbs-item mas-addons-breadcrumbs-start\"><a href=\"https:\/\/seniorcareafrica.com\/\" rel=\"home\"><span class=\"mas-addons-breadcrumbs-text\">Accueil<\/span><\/a><\/li><\/ul>\t\t\t\t<\/div>\n\t\t\t\t<\/div>\n\t\t\t\t\t<\/div>\n\t\t<\/div>\n\t\t\t\t\t<\/div>\n\t\t<\/section>\n\t\t\t\t<section class=\"elementor-section elementor-top-section elementor-element elementor-element-8f01764 elementor-section-boxed elementor-section-height-default elementor-section-height-default mas-addons-sticky-no\" data-id=\"8f01764\" data-element_type=\"section\" data-settings=\"{&quot;background_background&quot;:&quot;classic&quot;,&quot;mas_addons_sticky&quot;:&quot;no&quot;}\">\n\t\t\t\t\t\t<div class=\"elementor-container elementor-column-gap-default\">\n\t\t\t\t\t<div class=\"elementor-column elementor-col-50 elementor-top-column elementor-element elementor-element-2a166ad\" data-id=\"2a166ad\" data-element_type=\"column\">\n\t\t\t<div class=\"elementor-widget-wrap elementor-element-populated\">\n\t\t\t\t\t\t<div class=\"elementor-element elementor-element-097117b mas-addons-sticky-no elementor-widget elementor-widget-heading\" data-id=\"097117b\" data-element_type=\"widget\" data-settings=\"{&quot;mas_addons_sticky&quot;:&quot;no&quot;}\" data-widget_type=\"heading.default\">\n\t\t\t\t\t<h2 class=\"elementor-heading-title elementor-size-default\">Comment mettre en place une aide \u00e0 domicile avec Senior Care ?<\/h2>\t\t\t\t<\/div>\n\t\t\t\t<div class=\"elementor-element elementor-element-64bb108 mas-addons-sticky-no elementor-widget elementor-widget-text-editor\" data-id=\"64bb108\" data-element_type=\"widget\" data-settings=\"{&quot;mas_addons_sticky&quot;:&quot;no&quot;}\" data-widget_type=\"text-editor.default\">\n\t\t\t\t\t\t\t\t\t<p align=\"justify\">De l\u2019\u00e9coute de vos besoins jusqu\u2019\u00e0 votre accompagnement \u00e0 domicile, d\u00e9couvrez comment nous accompagnons les personnes en perte d\u2019autonomie et leur famille partout en Afrique et cela depuis plus de 15 ans.<\/p>\n\n<p align=\"justify\">Chez Senior Care, vous \u00eates au centre de notre attention. Nous d\u00e9finissons ensemble vos attentes afin de vous apporter la solution la plus adapt\u00e9e \u00e0 vos besoins de fa\u00e7on simple et efficace. Fier de notre mod\u00e8le et des\u00a095% de satisfaction g\u00e9n\u00e9rale de nos b\u00e9n\u00e9ficiaires, trouver toutes les informations concernant nos 5 \u00e9tapes d\u2019accompagnement.<\/p>\t\t\t\t\t\t\t\t<\/div>\n\t\t\t\t\t<\/div>\n\t\t<\/div>\n\t\t\t\t<div class=\"elementor-column elementor-col-50 elementor-top-column elementor-element elementor-element-ba55f4e\" data-id=\"ba55f4e\" data-element_type=\"column\">\n\t\t\t<div class=\"elementor-widget-wrap elementor-element-populated\">\n\t\t\t\t\t\t<section class=\"elementor-section elementor-inner-section elementor-element elementor-element-bca715a elementor-section-boxed elementor-section-height-default elementor-section-height-default mas-addons-sticky-no\" data-id=\"bca715a\" data-element_type=\"section\" data-settings=\"{&quot;mas_addons_sticky&quot;:&quot;no&quot;}\">\n\t\t\t\t\t\t<div class=\"elementor-container elementor-column-gap-no\">\n\t\t\t\t\t<div class=\"elementor-column elementor-col-100 elementor-inner-column elementor-element elementor-element-56f1de4\" data-id=\"56f1de4\" data-element_type=\"column\">\n\t\t\t<div class=\"elementor-widget-wrap elementor-element-populated\">\n\t\t\t\t\t\t<div class=\"elementor-element elementor-element-e8dcb49 mas-addons-sticky-no elementor-widget elementor-widget-image\" data-id=\"e8dcb49\" data-element_type=\"widget\" data-settings=\"{&quot;mas_addons_sticky&quot;:&quot;no&quot;}\" data-widget_type=\"image.default\">\n\t\t\t\t\t\t\t\t\t\t\t\t\t\t\t<img fetchpriority=\"high\" decoding=\"async\" width=\"1024\" height=\"683\" src=\"https:\/\/seniorcareafrica.com\/wp-content\/uploads\/2025\/08\/medium-shot-brazilian-family-cooking-tasty-desserts-scaled-1-1024x683.jpg\" class=\"attachment-large size-large wp-image-17006\" alt=\"\" srcset=\"https:\/\/seniorcareafrica.com\/wp-content\/uploads\/2025\/08\/medium-shot-brazilian-family-cooking-tasty-desserts-scaled-1-1024x683.jpg 1024w, https:\/\/seniorcareafrica.com\/wp-content\/uploads\/2025\/08\/medium-shot-brazilian-family-cooking-tasty-desserts-scaled-1-300x200.jpg 300w, https:\/\/seniorcareafrica.com\/wp-content\/uploads\/2025\/08\/medium-shot-brazilian-family-cooking-tasty-desserts-scaled-1-768x512.jpg 768w, https:\/\/seniorcareafrica.com\/wp-content\/uploads\/2025\/08\/medium-shot-brazilian-family-cooking-tasty-desserts-scaled-1-1536x1024.jpg 1536w, https:\/\/seniorcareafrica.com\/wp-content\/uploads\/2025\/08\/medium-shot-brazilian-family-cooking-tasty-desserts-scaled-1-2048x1366.jpg 2048w, https:\/\/seniorcareafrica.com\/wp-content\/uploads\/2025\/08\/medium-shot-brazilian-family-cooking-tasty-desserts-scaled-1-492x328.jpg 492w\" sizes=\"(max-width: 1024px) 100vw, 1024px\" \/>\t\t\t\t\t\t\t\t\t\t\t\t\t\t\t<\/div>\n\t\t\t\t\t<\/div>\n\t\t<\/div>\n\t\t\t\t\t<\/div>\n\t\t<\/section>\n\t\t\t\t\t<\/div>\n\t\t<\/div>\n\t\t\t\t\t<\/div>\n\t\t<\/section>\n\t\t\t\t<section class=\"elementor-section elementor-top-section elementor-element elementor-element-83d15c2 elementor-section-boxed elementor-section-height-default elementor-section-height-default mas-addons-sticky-no\" data-id=\"83d15c2\" data-element_type=\"section\" data-settings=\"{&quot;background_background&quot;:&quot;classic&quot;,&quot;mas_addons_sticky&quot;:&quot;no&quot;}\">\n\t\t\t\t\t\t<div class=\"elementor-container elementor-column-gap-no\">\n\t\t\t\t\t<div class=\"elementor-column elementor-col-100 elementor-top-column elementor-element elementor-element-42b8bc3\" data-id=\"42b8bc3\" data-element_type=\"column\">\n\t\t\t<div class=\"elementor-widget-wrap elementor-element-populated\">\n\t\t\t\t\t\t<section class=\"elementor-section elementor-inner-section elementor-element elementor-element-0a69268 elementor-section-boxed elementor-section-height-default elementor-section-height-default mas-addons-sticky-no\" data-id=\"0a69268\" data-element_type=\"section\" data-settings=\"{&quot;mas_addons_sticky&quot;:&quot;no&quot;}\">\n\t\t\t\t\t\t<div class=\"elementor-container elementor-column-gap-default\">\n\t\t\t\t\t<div class=\"elementor-column elementor-col-50 elementor-inner-column elementor-element elementor-element-9a86e67\" data-id=\"9a86e67\" data-element_type=\"column\">\n\t\t\t<div class=\"elementor-widget-wrap elementor-element-populated\">\n\t\t\t\t\t\t<div class=\"elementor-element elementor-element-1c3a34d mas-addons-sticky-no elementor-invisible elementor-widget elementor-widget-mas-addons-icon-box\" data-id=\"1c3a34d\" data-element_type=\"widget\" data-settings=\"{&quot;_animation&quot;:&quot;fadeIn&quot;,&quot;mas_addons_sticky&quot;:&quot;no&quot;}\" data-widget_type=\"mas-addons-icon-box.default\">\n\t\t\t\t<div class=\"elementor-widget-container\">\n\t\t\t\t\t\t\t\t<!-- box link  -->\n\t\t\t\t\t\t<!-- box link  -->\n\t\t<div class=\"mas-addons-feature-box-item mas-addons-feature-icon-left mas-addons-icon-position-left\">\n\n\t\t\t\t\t\t<div class=\"mas-addons-feature-icon-wrap icon-background-yes align-items-start\">\n\t\t\t\t<span class=\"mas-addons-feature-icon icon-type-icon\">\n\t\t\t\t\t<svg xmlns=\"http:\/\/www.w3.org\/2000\/svg\" width=\"28\" height=\"35\" viewBox=\"0 0 28 35\" fill=\"none\"><path fill-rule=\"evenodd\" clip-rule=\"evenodd\" d=\"M15.6331 0.867043C11.941 2.74301 3.6188 12.0031 0.904634 17.192C-0.731851 20.3253 -0.532221 20.5049 4.75642 20.8042L8.5283 21.0237C1.683 32.998 2.38148 31.7208 2.32161 31.8405C0.824825 34.415 2.86045 36.1313 5.01582 34.1156C5.03578 34.0957 23.536 19.7265 26.8489 14.9568C27.2281 14.4179 27.1283 13.7993 26.2901 13.1806C24.9131 12.1628 23.0571 11.8435 16.2916 11.2847C15.2339 11.2048 14.7549 11.0851 14.8348 10.9254C15.3337 9.70806 17.2495 4.59902 18.1676 2.6033C19.2452 0.268319 19.1455 -0.929099 15.6331 0.867043ZM14.2559 5.33744C14.0763 5.75654 11.8611 11.0651 11.7613 11.2847C11.2424 12.3224 11.5817 12.8613 12.8789 13.001C17.1897 13.46 18.9059 13.6197 20.6422 13.6995C23.516 13.8392 23.5361 13.7194 20.5026 16.7729C17.2695 20.0458 9.00727 27.6295 8.82765 27.4499C8.668 27.2903 11.3223 22.2212 12.0408 21.2832C13.338 19.5868 12.9388 19.3473 8.80768 19.3473C6.95166 19.3473 5.79415 19.3074 4.91604 19.2476C4.09779 19.1877 3.59885 18.3096 3.99799 17.5712C5.49477 14.837 8.16907 11.4244 12.6195 6.53487C14.6551 4.33959 14.695 4.29967 14.2559 5.33744Z\" fill=\"#0A102F\"><\/path><\/svg>\t\t\t\t<\/span>\n\t\t\t<\/div>\n\t\t\t\n\t\t\t<div class=\"mas-addons-feature-content-wrap\">\n\t\t\t\t<div class=\"mas-addons-feature-content\">\n\t\t\t\t\t\t\t\t\t\t<h4 class=\"mas-addons-feature-title\">L\u2019\u00e9valuation gratuite de vos besoins<\/h4>\n\t\t\t\t\t\t\t\t\t\t\n\t\t\t\t\t\t\t\t\t\t<p>Lors de notre visite de rencontre, nous identifions vos besoins afin de vous pr\u00e9senter un auxiliaire de vie adapt\u00e9 \u00e0 votre situation personnelle et \u00e0 vos attentes.\n\nLe but ? Analyser le lieu dans lequel vous vivez et vous pr\u00e9senter \u00e9galement notre mode de fonctionnement.\n\nL\u2019objectif ? Proposer rapidement une solution d\u2019accompagnement \u00e0 domicile pour vous et\/ou votre proche \u00e2g\u00e9.<\/p>\n\t\t\t\t\t\n\t\t\t\t\t\n\t\t\t\t<\/div>\n\t\t\t\t\t\t\t<\/div>\n\t\t\t\n\t\t<\/div>\n\t\t<!-- box link  -->\n\t\t\t\t\t<!-- box link  -->\n\t\t\t\t<\/div>\n\t\t\t\t<\/div>\n\t\t\t\t<div class=\"elementor-element elementor-element-1f984e3 mas-addons-sticky-no elementor-invisible elementor-widget elementor-widget-mas-addons-icon-box\" data-id=\"1f984e3\" data-element_type=\"widget\" data-settings=\"{&quot;_animation&quot;:&quot;fadeIn&quot;,&quot;mas_addons_sticky&quot;:&quot;no&quot;}\" data-widget_type=\"mas-addons-icon-box.default\">\n\t\t\t\t<div class=\"elementor-widget-container\">\n\t\t\t\t\t\t\t\t<!-- box link  -->\n\t\t\t\t\t\t<!-- box link  -->\n\t\t<div class=\"mas-addons-feature-box-item mas-addons-feature-icon-left mas-addons-icon-position-left\">\n\n\t\t\t\t\t\t<div class=\"mas-addons-feature-icon-wrap icon-background-yes align-items-start\">\n\t\t\t\t<span class=\"mas-addons-feature-icon icon-type-icon\">\n\t\t\t\t\t<svg xmlns=\"http:\/\/www.w3.org\/2000\/svg\" width=\"28\" height=\"35\" viewBox=\"0 0 28 35\" fill=\"none\"><path fill-rule=\"evenodd\" clip-rule=\"evenodd\" d=\"M15.6331 0.867043C11.941 2.74301 3.6188 12.0031 0.904634 17.192C-0.731851 20.3253 -0.532221 20.5049 4.75642 20.8042L8.5283 21.0237C1.683 32.998 2.38148 31.7208 2.32161 31.8405C0.824825 34.415 2.86045 36.1313 5.01582 34.1156C5.03578 34.0957 23.536 19.7265 26.8489 14.9568C27.2281 14.4179 27.1283 13.7993 26.2901 13.1806C24.9131 12.1628 23.0571 11.8435 16.2916 11.2847C15.2339 11.2048 14.7549 11.0851 14.8348 10.9254C15.3337 9.70806 17.2495 4.59902 18.1676 2.6033C19.2452 0.268319 19.1455 -0.929099 15.6331 0.867043ZM14.2559 5.33744C14.0763 5.75654 11.8611 11.0651 11.7613 11.2847C11.2424 12.3224 11.5817 12.8613 12.8789 13.001C17.1897 13.46 18.9059 13.6197 20.6422 13.6995C23.516 13.8392 23.5361 13.7194 20.5026 16.7729C17.2695 20.0458 9.00727 27.6295 8.82765 27.4499C8.668 27.2903 11.3223 22.2212 12.0408 21.2832C13.338 19.5868 12.9388 19.3473 8.80768 19.3473C6.95166 19.3473 5.79415 19.3074 4.91604 19.2476C4.09779 19.1877 3.59885 18.3096 3.99799 17.5712C5.49477 14.837 8.16907 11.4244 12.6195 6.53487C14.6551 4.33959 14.695 4.29967 14.2559 5.33744Z\" fill=\"#0A102F\"><\/path><\/svg>\t\t\t\t<\/span>\n\t\t\t<\/div>\n\t\t\t\n\t\t\t<div class=\"mas-addons-feature-content-wrap\">\n\t\t\t\t<div class=\"mas-addons-feature-content\">\n\t\t\t\t\t\t\t\t\t\t<h4 class=\"mas-addons-feature-title\">La s\u00e9lection de votre auxiliaire de vie r\u00e9f\u00e9rent<\/h4>\n\t\t\t\t\t\t\t\t\t\t\n\t\t\t\t\t\t\t\t\t\t<p>Avant le d\u00e9but des prestations, nous vous pr\u00e9sentons l\u2019auxiliaire de vie \u00e0 votre domicile.\n\nL\u2019objectif est que votre intervenant puisse \u00e9changer avec vous et vos proches afin d\u2019avoir le maximum d\u2019informations et prendre ainsi rapidement ses marques.\n\nL\u2019objectif ? S\u2019assurer de la bonne entente, et prendre en compte les habitudes et les attentes de la personne aid\u00e9e.<\/p>\n\t\t\t\t\t\n\t\t\t\t\t\n\t\t\t\t<\/div>\n\t\t\t\t\t\t\t<\/div>\n\t\t\t\n\t\t<\/div>\n\t\t<!-- box link  -->\n\t\t\t\t\t<!-- box link  -->\n\t\t\t\t<\/div>\n\t\t\t\t<\/div>\n\t\t\t\t<div class=\"elementor-element elementor-element-9454ed5 mas-addons-sticky-no elementor-invisible elementor-widget elementor-widget-mas-addons-icon-box\" data-id=\"9454ed5\" data-element_type=\"widget\" data-settings=\"{&quot;_animation&quot;:&quot;fadeIn&quot;,&quot;_animation_delay&quot;:300,&quot;mas_addons_sticky&quot;:&quot;no&quot;}\" data-widget_type=\"mas-addons-icon-box.default\">\n\t\t\t\t<div class=\"elementor-widget-container\">\n\t\t\t\t\t\t\t\t<!-- box link  -->\n\t\t\t\t\t\t<!-- box link  -->\n\t\t<div class=\"mas-addons-feature-box-item mas-addons-feature-icon-left mas-addons-icon-position-left\">\n\n\t\t\t\t\t\t<div class=\"mas-addons-feature-icon-wrap icon-background-yes align-items-start\">\n\t\t\t\t<span class=\"mas-addons-feature-icon icon-type-icon\">\n\t\t\t\t\t<svg xmlns=\"http:\/\/www.w3.org\/2000\/svg\" width=\"28\" height=\"35\" viewBox=\"0 0 28 35\" fill=\"none\"><path fill-rule=\"evenodd\" clip-rule=\"evenodd\" d=\"M15.6331 0.867043C11.941 2.74301 3.6188 12.0031 0.904634 17.192C-0.731851 20.3253 -0.532221 20.5049 4.75642 20.8042L8.5283 21.0237C1.683 32.998 2.38148 31.7208 2.32161 31.8405C0.824825 34.415 2.86045 36.1313 5.01582 34.1156C5.03578 34.0957 23.536 19.7265 26.8489 14.9568C27.2281 14.4179 27.1283 13.7993 26.2901 13.1806C24.9131 12.1628 23.0571 11.8435 16.2916 11.2847C15.2339 11.2048 14.7549 11.0851 14.8348 10.9254C15.3337 9.70806 17.2495 4.59902 18.1676 2.6033C19.2452 0.268319 19.1455 -0.929099 15.6331 0.867043ZM14.2559 5.33744C14.0763 5.75654 11.8611 11.0651 11.7613 11.2847C11.2424 12.3224 11.5817 12.8613 12.8789 13.001C17.1897 13.46 18.9059 13.6197 20.6422 13.6995C23.516 13.8392 23.5361 13.7194 20.5026 16.7729C17.2695 20.0458 9.00727 27.6295 8.82765 27.4499C8.668 27.2903 11.3223 22.2212 12.0408 21.2832C13.338 19.5868 12.9388 19.3473 8.80768 19.3473C6.95166 19.3473 5.79415 19.3074 4.91604 19.2476C4.09779 19.1877 3.59885 18.3096 3.99799 17.5712C5.49477 14.837 8.16907 11.4244 12.6195 6.53487C14.6551 4.33959 14.695 4.29967 14.2559 5.33744Z\" fill=\"#0A102F\"><\/path><\/svg>\t\t\t\t<\/span>\n\t\t\t<\/div>\n\t\t\t\n\t\t\t<div class=\"mas-addons-feature-content-wrap\">\n\t\t\t\t<div class=\"mas-addons-feature-content\">\n\t\t\t\t\t\t\t\t\t\t<h4 class=\"mas-addons-feature-title\">Le suivi et l\u2019adaptation des prestations<\/h4>\n\t\t\t\t\t\t\t\t\t\t\n\t\t\t\t\t\t\t\t\t\t<p>Afin de garantir un service conforme et un planning d\u2019intervention adapt\u00e9s aux attentes de nos b\u00e9n\u00e9ficiaires, des enqu\u00eates, des visites et une r\u00e9\u00e9valuation des besoins sont r\u00e9guli\u00e8rement r\u00e9alis\u00e9s au cours de l\u2019ann\u00e9e avec le b\u00e9n\u00e9ficiaire et ses proches.\n\nLeur objectifs sont :\n\n      \u2013 Faire un point annuel sur les prestations r\u00e9alis\u00e9es \u00e0 votre domicile\n\n      \u2013 Avoir un retour compl\u00e9mentaire \u00e0 notre questionnaire de satisfaction\n\n      \u2013 Prendre en compte une perte de d\u00e9pendance ou l\u2019apparition de nouveaux besoins\n\n      \u2013 Valider la nouvelle prise en charge si n\u00e9cessaire\n\nDes points r\u00e9guliers sont donc r\u00e9alis\u00e9s par l\u2019agence soit au domicile soit par t\u00e9l\u00e9phone afin d\u2019actualiser au fur et \u00e0 mesure les prestations propos\u00e9es.<\/p>\n\t\t\t\t\t\n\t\t\t\t\t\n\t\t\t\t<\/div>\n\t\t\t\t\t\t\t<\/div>\n\t\t\t\n\t\t<\/div>\n\t\t<!-- box link  -->\n\t\t\t\t\t<!-- box link  -->\n\t\t\t\t<\/div>\n\t\t\t\t<\/div>\n\t\t\t\t\t<\/div>\n\t\t<\/div>\n\t\t\t\t<div class=\"elementor-column elementor-col-50 elementor-inner-column elementor-element elementor-element-396ada4\" data-id=\"396ada4\" data-element_type=\"column\">\n\t\t\t<div class=\"elementor-widget-wrap elementor-element-populated\">\n\t\t\t\t\t\t<div class=\"elementor-element elementor-element-47d4d1d mas-addons-sticky-no elementor-invisible elementor-widget elementor-widget-mas-addons-icon-box\" data-id=\"47d4d1d\" data-element_type=\"widget\" data-settings=\"{&quot;_animation&quot;:&quot;fadeIn&quot;,&quot;_animation_delay&quot;:400,&quot;mas_addons_sticky&quot;:&quot;no&quot;}\" data-widget_type=\"mas-addons-icon-box.default\">\n\t\t\t\t<div class=\"elementor-widget-container\">\n\t\t\t\t\t\t\t\t<!-- box link  -->\n\t\t\t\t\t\t<!-- box link  -->\n\t\t<div class=\"mas-addons-feature-box-item mas-addons-feature-icon-left mas-addons-icon-position-left\">\n\n\t\t\t\t\t\t<div class=\"mas-addons-feature-icon-wrap icon-background-yes align-items-start\">\n\t\t\t\t<span class=\"mas-addons-feature-icon icon-type-icon\">\n\t\t\t\t\t<svg xmlns=\"http:\/\/www.w3.org\/2000\/svg\" width=\"28\" height=\"35\" viewBox=\"0 0 28 35\" fill=\"none\"><path fill-rule=\"evenodd\" clip-rule=\"evenodd\" d=\"M15.6331 0.867043C11.941 2.74301 3.6188 12.0031 0.904634 17.192C-0.731851 20.3253 -0.532221 20.5049 4.75642 20.8042L8.5283 21.0237C1.683 32.998 2.38148 31.7208 2.32161 31.8405C0.824825 34.415 2.86045 36.1313 5.01582 34.1156C5.03578 34.0957 23.536 19.7265 26.8489 14.9568C27.2281 14.4179 27.1283 13.7993 26.2901 13.1806C24.9131 12.1628 23.0571 11.8435 16.2916 11.2847C15.2339 11.2048 14.7549 11.0851 14.8348 10.9254C15.3337 9.70806 17.2495 4.59902 18.1676 2.6033C19.2452 0.268319 19.1455 -0.929099 15.6331 0.867043ZM14.2559 5.33744C14.0763 5.75654 11.8611 11.0651 11.7613 11.2847C11.2424 12.3224 11.5817 12.8613 12.8789 13.001C17.1897 13.46 18.9059 13.6197 20.6422 13.6995C23.516 13.8392 23.5361 13.7194 20.5026 16.7729C17.2695 20.0458 9.00727 27.6295 8.82765 27.4499C8.668 27.2903 11.3223 22.2212 12.0408 21.2832C13.338 19.5868 12.9388 19.3473 8.80768 19.3473C6.95166 19.3473 5.79415 19.3074 4.91604 19.2476C4.09779 19.1877 3.59885 18.3096 3.99799 17.5712C5.49477 14.837 8.16907 11.4244 12.6195 6.53487C14.6551 4.33959 14.695 4.29967 14.2559 5.33744Z\" fill=\"#0A102F\"><\/path><\/svg>\t\t\t\t<\/span>\n\t\t\t<\/div>\n\t\t\t\n\t\t\t<div class=\"mas-addons-feature-content-wrap\">\n\t\t\t\t<div class=\"mas-addons-feature-content\">\n\t\t\t\t\t\t\t\t\t\t<h4 class=\"mas-addons-feature-title\">L\u2019\u00e9laboration de votre devis personnalis\u00e9<\/h4>\n\t\t\t\t\t\t\t\t\t\t\n\t\t\t\t\t\t\t\t\t\t<p>Obtenez votre devis personnalis\u00e9, gratuit et sans engagement en quelques clics ou en prenant directement contact avec l\u2019agence Senior Care la plus proche de votre domicile.\n\nUn plan d\u2019accompagnement est propos\u00e9 \u00e0 nos futurs b\u00e9n\u00e9ficiaires afin de leur proposer l\u2019auxiliaire de vie id\u00e9al. Il est essentiel pour nous de choisir le profil adapt\u00e9 pour assurer l\u2019\u00e9panouissement et le bien-\u00eatre du futur b\u00e9n\u00e9ficiaires.\n\nEnsemble, nous d\u00e9terminons :\n\n      \u2013 La dur\u00e9e\n      \u2013 La fr\u00e9quence\n      \u2013 Les jours d\u2019interventions et les heures de passage<\/p>\n\t\t\t\t\t\n\t\t\t\t\t\n\t\t\t\t<\/div>\n\t\t\t\t\t\t\t<\/div>\n\t\t\t\n\t\t<\/div>\n\t\t<!-- box link  -->\n\t\t\t\t\t<!-- box link  -->\n\t\t\t\t<\/div>\n\t\t\t\t<\/div>\n\t\t\t\t<div class=\"elementor-element elementor-element-263c192 mas-addons-sticky-no elementor-invisible elementor-widget elementor-widget-mas-addons-icon-box\" data-id=\"263c192\" data-element_type=\"widget\" data-settings=\"{&quot;_animation&quot;:&quot;fadeIn&quot;,&quot;_animation_delay&quot;:400,&quot;mas_addons_sticky&quot;:&quot;no&quot;}\" data-widget_type=\"mas-addons-icon-box.default\">\n\t\t\t\t<div class=\"elementor-widget-container\">\n\t\t\t\t\t\t\t\t<!-- box link  -->\n\t\t\t\t\t\t<!-- box link  -->\n\t\t<div class=\"mas-addons-feature-box-item mas-addons-feature-icon-left mas-addons-icon-position-left\">\n\n\t\t\t\t\t\t<div class=\"mas-addons-feature-icon-wrap icon-background-yes align-items-start\">\n\t\t\t\t<span class=\"mas-addons-feature-icon icon-type-icon\">\n\t\t\t\t\t<svg xmlns=\"http:\/\/www.w3.org\/2000\/svg\" width=\"28\" height=\"35\" viewBox=\"0 0 28 35\" fill=\"none\"><path fill-rule=\"evenodd\" clip-rule=\"evenodd\" d=\"M15.6331 0.867043C11.941 2.74301 3.6188 12.0031 0.904634 17.192C-0.731851 20.3253 -0.532221 20.5049 4.75642 20.8042L8.5283 21.0237C1.683 32.998 2.38148 31.7208 2.32161 31.8405C0.824825 34.415 2.86045 36.1313 5.01582 34.1156C5.03578 34.0957 23.536 19.7265 26.8489 14.9568C27.2281 14.4179 27.1283 13.7993 26.2901 13.1806C24.9131 12.1628 23.0571 11.8435 16.2916 11.2847C15.2339 11.2048 14.7549 11.0851 14.8348 10.9254C15.3337 9.70806 17.2495 4.59902 18.1676 2.6033C19.2452 0.268319 19.1455 -0.929099 15.6331 0.867043ZM14.2559 5.33744C14.0763 5.75654 11.8611 11.0651 11.7613 11.2847C11.2424 12.3224 11.5817 12.8613 12.8789 13.001C17.1897 13.46 18.9059 13.6197 20.6422 13.6995C23.516 13.8392 23.5361 13.7194 20.5026 16.7729C17.2695 20.0458 9.00727 27.6295 8.82765 27.4499C8.668 27.2903 11.3223 22.2212 12.0408 21.2832C13.338 19.5868 12.9388 19.3473 8.80768 19.3473C6.95166 19.3473 5.79415 19.3074 4.91604 19.2476C4.09779 19.1877 3.59885 18.3096 3.99799 17.5712C5.49477 14.837 8.16907 11.4244 12.6195 6.53487C14.6551 4.33959 14.695 4.29967 14.2559 5.33744Z\" fill=\"#0A102F\"><\/path><\/svg>\t\t\t\t<\/span>\n\t\t\t<\/div>\n\t\t\t\n\t\t\t<div class=\"mas-addons-feature-content-wrap\">\n\t\t\t\t<div class=\"mas-addons-feature-content\">\n\t\t\t\t\t\t\t\t\t\t<h4 class=\"mas-addons-feature-title\">La pr\u00e9sentation de l\u2019auxiliaire de vie \u00e0 votre domicile<\/h4>\n\t\t\t\t\t\t\t\t\t\t\n\t\t\t\t\t\t\t\t\t\t<p>Afin d\u2019\u00e9tablir une relation de confiance et d\u2019offrir un service sur-mesure et stable, c\u2019est la m\u00eame personne qui, dans la mesure du possible, intervient \u00e0 votre domicile pour vous permettre d\u2019\u00eatre en s\u00e9curit\u00e9 et surtout en toute confiance.\n\nNos auxiliaires de vie sont recrut\u00e9s rigoureusement en fonction de leur formations et comp\u00e9tences afin de vous apporter leur savoir-faire, leur savoir-\u00eatre et leur exp\u00e9rience du m\u00e9tier.\n\nLorsque l\u2019auxiliaire de vie est absent, Senior Care garantit la continuit\u00e9 du service d\u2019aide \u00e0 domicile en fournissant un remplacement adapt\u00e9 \u00e0 vos besoins et attentes. De plus, plusieurs auxiliaires de vie peuvent intervenir au domicile d\u2019un b\u00e9n\u00e9ficiaire en fonction de l\u2019importance de la prise en charge.<\/p>\n\t\t\t\t\t\n\t\t\t\t\t\n\t\t\t\t<\/div>\n\t\t\t\t\t\t\t<\/div>\n\t\t\t\n\t\t<\/div>\n\t\t<!-- box link  -->\n\t\t\t\t\t<!-- box link  -->\n\t\t\t\t<\/div>\n\t\t\t\t<\/div>\n\t\t\t\t\t<\/div>\n\t\t<\/div>\n\t\t\t\t\t<\/div>\n\t\t<\/section>\n\t\t\t\t\t<\/div>\n\t\t<\/div>\n\t\t\t\t\t<\/div>\n\t\t<\/section>\n\t\t\t\t<\/div>\n\t\t","protected":false},"excerpt":{"rendered":"<p>Fonctionnement Accueil Comment mettre en place une aide \u00e0 domicile avec Senior Care ? De l\u2019\u00e9coute de vos besoins jusqu\u2019\u00e0 votre accompagnement \u00e0 domicile, d\u00e9couvrez comment nous accompagnons les personnes en perte d\u2019autonomie et leur famille partout en Afrique et cela depuis plus de 15 ans. Chez Senior Care, vous \u00eates au centre de notre [&hellip;]<\/p>\n","protected":false},"author":1,"featured_media":0,"parent":0,"menu_order":0,"comment_status":"closed","ping_status":"closed","template":"elementor_header_footer","meta":{"inline_featured_image":false,"footnotes":""},"class_list":["post-17111","page","type-page","status-publish","hentry"],"acf":[],"_links":{"self":[{"href":"https:\/\/seniorcareafrica.com\/index.php\/wp-json\/wp\/v2\/pages\/17111","targetHints":{"allow":["GET"]}}],"collection":[{"href":"https:\/\/seniorcareafrica.com\/index.php\/wp-json\/wp\/v2\/pages"}],"about":[{"href":"https:\/\/seniorcareafrica.com\/index.php\/wp-json\/wp\/v2\/types\/page"}],"author":[{"embeddable":true,"href":"https:\/\/seniorcareafrica.com\/index.php\/wp-json\/wp\/v2\/users\/1"}],"replies":[{"embeddable":true,"href":"https:\/\/seniorcareafrica.com\/index.php\/wp-json\/wp\/v2\/comments?post=17111"}],"version-history":[{"count":10,"href":"https:\/\/seniorcareafrica.com\/index.php\/wp-json\/wp\/v2\/pages\/17111\/revisions"}],"predecessor-version":[{"id":17121,"href":"https:\/\/seniorcareafrica.com\/index.php\/wp-json\/wp\/v2\/pages\/17111\/revisions\/17121"}],"wp:attachment":[{"href":"https:\/\/seniorcareafrica.com\/index.php\/wp-json\/wp\/v2\/media?parent=17111"}],"curies":[{"name":"wp","href":"https:\/\/api.w.org\/{rel}","templated":true}]}}